{"id":1082,"date":"2024-01-27T10:07:42","date_gmt":"2024-01-27T10:07:42","guid":{"rendered":"https:\/\/sh-bilder.de\/?page_id=1082"},"modified":"2024-01-28T16:22:13","modified_gmt":"2024-01-28T16:22:13","slug":"vita","status":"publish","type":"page","link":"https:\/\/sh-bilder.de\/?page_id=1082","title":{"rendered":"VITA"},"content":{"rendered":"<div data-colibri-id=\"1082-c1\" class=\"style-322 style-local-1082-c1 position-relative\">\n  <!---->\n  <div data-colibri-component=\"section\" data-colibri-id=\"1082-c2\" id=\"photo-gallery\" class=\"h-section h-section-global-spacing d-flex align-items-lg-center align-items-md-center align-items-center style-323 style-local-1082-c2 position-relative\">\n    <!---->\n    <!---->\n    <div class=\"h-section-grid-container h-section-boxed-container\">\n      <!---->\n      <div data-colibri-id=\"1082-c3\" class=\"h-row-container gutters-row-lg-1 gutters-row-md-1 gutters-row-2 gutters-row-v-lg-1 gutters-row-v-md-1 gutters-row-v-2 style-324 style-local-1082-c3 position-relative\">\n        <!---->\n        <div class=\"h-row justify-content-lg-center justify-content-md-center justify-content-center align-items-lg-stretch align-items-md-stretch align-items-stretch gutters-col-lg-1 gutters-col-md-1 gutters-col-2 gutters-col-v-lg-1 gutters-col-v-md-1 gutters-col-v-2\">\n          <!---->\n          <div class=\"h-column h-column-container d-flex h-col-lg-auto h-col-md-auto h-col-auto style-325-outer style-local-1082-c4-outer\">\n            <div data-colibri-id=\"1082-c4\" class=\"d-flex h-flex-basis h-column__inner h-px-lg-1 h-px-md-1 h-px-2 v-inner-lg-1 v-inner-md-1 v-inner-2 style-325 style-local-1082-c4 position-relative\">\n              <!---->\n              <!---->\n              <div class=\"w-100 h-y-container h-column__content h-column__v-align flex-basis-100 align-self-lg-start align-self-md-start align-self-start\">\n                <!---->\n                <div data-colibri-id=\"1082-c5\" class=\"h-text h-text-component style-328 style-local-1082-c5 position-relative h-element\">\n                  <!---->\n                  <!---->\n                  <div class=\"\">\n                    <p><span style=\"color: rgb(255, 255, 255); font-weight: 600;\">Hallo, Ich hei\u00dfe SIGRID ARNOLD-HEINLEIN. Ich bin am 16.04.1954 in Badk\u00f6nigshofen geboren, habe zwei Kinder und lebe in im Landkreis Bamberg.<\/span><\/p>\n                    <p><span style=\"color: rgb(255, 255, 255); font-weight: 600;\">Der Kunst habe ich mich, durch mein Studium Sport und Werken, erstmals von der handwerklichen Seite gen\u00e4hert-Intarsienarbeiten, T\u00f6pfern, Seidenmalerei usw.&nbsp;<\/span><\/p>\n                    <p><span style=\"color: rgb(255, 255, 255); font-weight: 600;\">So sind seit 1990 Karikaturen, Frescen, Materialbilder und Bilder in Spachteltechnik entstanden.<\/span><\/p>\n                    <p><span style=\"color: rgb(255, 255, 255); font-weight: 600;\">Von all diesen Techniken bevorzuge ich heute die &#8222;altmeisterliche Schichtmalerei in \u00d6l&#8220; und f\u00fcr die moderne und abstrakte Malerei die Gouache-Technik mit selbstanger\u00fchrten Farbpigmenten.<\/span><\/p>\n                    <p><span style=\"color: rgb(255, 255, 255); font-weight: 600;\">Im laufe meiner &#8222;Maljahre&#8220; sind die vorgestellten Arbeiten entstanden.<\/span><\/p>\n                    <p>\n                      <br>\n                    <\/p>\n                    <p><span style=\"color: rgb(255, 255, 255); font-weight: 600;\">KONTAKTDATEN<\/span><\/p>\n                    <p><span style=\"color: rgb(255, 255, 255); font-weight: 600;\">SIGRID ARNOLD-HEINLEIN<\/span><\/p>\n                    <p><span style=\"color: rgb(255, 255, 255); font-weight: 600;\">Ringstra\u00dfe 3<\/span><\/p>\n                    <p><span style=\"color: rgb(255, 255, 255); font-weight: 600;\">96135 Stegaurach<\/span><\/p>\n                    <p><span style=\"color: rgb(255, 255, 255); font-weight: 600;\">Tel. 0951 290980<\/span><\/p>\n                    <p><span style=\"color: rgb(255, 255, 255); font-weight: 600;\">Mobil: 0179 6779205<\/span><\/p>\n                    <p><span style=\"color: rgb(255, 255, 255); font-weight: 600;\">sigrid.heinlein@gmail.com<\/span><\/p>\n                    <p>\n                      <br>\n                    <\/p>\n                    <p>\n                      <br>\n                    <\/p>\n                    <p>\n                      <br>\n                    <\/p>\n                    <p>\n                      <br>\n                    <\/p>\n                  <\/div>\n                <\/div>\n              <\/div>\n            <\/div>\n          <\/div>\n        <\/div>\n      <\/div>\n    <\/div>\n  <\/div>\n  <div data-colibri-component=\"section\" data-colibri-id=\"1082-c6\" id=\"custom\" class=\"h-section h-section-global-spacing d-flex align-items-lg-center align-items-md-center align-items-center style-329 style-local-1082-c6 position-relative\">\n    <!---->\n    <!---->\n    <div class=\"h-section-grid-container h-section-boxed-container\">\n      <!---->\n      <div data-colibri-id=\"1082-c7\" class=\"h-row-container gutters-row-lg-2 gutters-row-md-2 gutters-row-0 gutters-row-v-lg-2 gutters-row-v-md-2 gutters-row-v-2 style-330 style-local-1082-c7 position-relative\">\n        <!---->\n        <div class=\"h-row justify-content-lg-center justify-content-md-center justify-content-center align-items-lg-stretch align-items-md-stretch align-items-stretch gutters-col-lg-2 gutters-col-md-2 gutters-col-0 gutters-col-v-lg-2 gutters-col-v-md-2 gutters-col-v-2\">\n          <!---->\n          <div class=\"h-column h-column-container d-flex h-col-lg-auto h-col-md-auto h-col-auto style-331-outer style-local-1082-c8-outer\">\n            <div data-colibri-id=\"1082-c8\" class=\"d-flex h-flex-basis h-column__inner h-ui-empty-state-container h-px-lg-2 h-px-md-2 h-px-2 v-inner-lg-2 v-inner-md-2 v-inner-2 style-331 style-local-1082-c8 position-relative\">\n              <!---->\n              <!---->\n              <div class=\"w-100 h-y-container h-column__content h-column__v-align flex-basis-100\">\n                <!---->\n              <\/div>\n            <\/div>\n          <\/div>\n          <div class=\"h-column h-column-container d-flex h-col-lg-auto h-col-md-auto h-col-auto style-332-outer style-local-1082-c9-outer\">\n            <div data-colibri-id=\"1082-c9\" class=\"d-flex h-flex-basis h-column__inner h-ui-empty-state-container h-px-lg-2 h-px-md-2 h-px-2 v-inner-lg-2 v-inner-md-2 v-inner-2 style-332 style-local-1082-c9 position-relative\">\n              <!---->\n              <!---->\n              <div class=\"w-100 h-y-container h-column__content h-column__v-align flex-basis-100\">\n                <!---->\n              <\/div>\n            <\/div>\n          <\/div>\n        <\/div>\n      <\/div>\n    <\/div>\n  <\/div>\n<\/div>","protected":false},"excerpt":{"rendered":"<p>Hallo, Ich hei\u00dfe SIGRID ARNOLD-HEINLEIN. Ich bin am 16.04.1954 in Badk\u00f6nigshofen geboren, habe zwei Kinder und lebe in im Landkreis Bamberg. Der Kunst habe ich mich, durch mein Studium Sport und Werken, erstmals von der handwerklichen Seite gen\u00e4hert-Intarsienarbeiten, T\u00f6pfern, Seidenmalerei usw.&nbsp; So sind seit 1990 Karikaturen, Frescen, Materialbilder und Bilder in Spachteltechnik entstanden. Von all [&hellip;]<\/p>\n","protected":false},"author":1,"featured_media":0,"parent":0,"menu_order":0,"comment_status":"closed","ping_status":"closed","template":"page-templates\/full-width-page.php","meta":{"footnotes":""},"class_list":["post-1082","page","type-page","status-publish","hentry"],"yoast_head":"<!-- This site is optimized with the Yoast SEO plugin v21.8 - https:\/\/yoast.com\/wordpress\/plugins\/seo\/ -->\n<title>VITA - SIGRID ARNOLD-HEINLEIN<\/title>\n<meta name=\"robots\" content=\"index, follow, max-snippet:-1, max-image-preview:large, max-video-preview:-1\" \/>\n<link rel=\"canonical\" href=\"https:\/\/sh-bilder.de\/?page_id=1082\" \/>\n<meta property=\"og:locale\" content=\"de_DE\" \/>\n<meta property=\"og:type\" content=\"article\" \/>\n<meta property=\"og:title\" content=\"VITA - SIGRID ARNOLD-HEINLEIN\" \/>\n<meta property=\"og:description\" content=\"Hallo, Ich hei\u00dfe SIGRID ARNOLD-HEINLEIN. Ich bin am 16.04.1954 in Badk\u00f6nigshofen geboren, habe zwei Kinder und lebe in im Landkreis Bamberg. Der Kunst habe ich mich, durch mein Studium Sport und Werken, erstmals von der handwerklichen Seite gen\u00e4hert-Intarsienarbeiten, T\u00f6pfern, Seidenmalerei usw.&nbsp; So sind seit 1990 Karikaturen, Frescen, Materialbilder und Bilder in Spachteltechnik entstanden. Von all [&hellip;]\" \/>\n<meta property=\"og:url\" content=\"https:\/\/sh-bilder.de\/?page_id=1082\" \/>\n<meta property=\"og:site_name\" content=\"SIGRID ARNOLD-HEINLEIN\" \/>\n<meta property=\"article:modified_time\" content=\"2024-01-28T16:22:13+00:00\" \/>\n<meta name=\"twitter:card\" content=\"summary_large_image\" \/>\n<meta name=\"twitter:label1\" content=\"Gesch\u00e4tzte Lesezeit\" \/>\n\t<meta name=\"twitter:data1\" content=\"1\u00a0Minute\" \/>\n<script type=\"application\/ld+json\" class=\"yoast-schema-graph\">{\"@context\":\"https:\/\/schema.org\",\"@graph\":[{\"@type\":\"WebPage\",\"@id\":\"https:\/\/sh-bilder.de\/?page_id=1082\",\"url\":\"https:\/\/sh-bilder.de\/?page_id=1082\",\"name\":\"VITA - SIGRID ARNOLD-HEINLEIN\",\"isPartOf\":{\"@id\":\"https:\/\/sh-bilder.de\/#website\"},\"datePublished\":\"2024-01-27T10:07:42+00:00\",\"dateModified\":\"2024-01-28T16:22:13+00:00\",\"breadcrumb\":{\"@id\":\"https:\/\/sh-bilder.de\/?page_id=1082#breadcrumb\"},\"inLanguage\":\"de\",\"potentialAction\":[{\"@type\":\"ReadAction\",\"target\":[\"https:\/\/sh-bilder.de\/?page_id=1082\"]}]},{\"@type\":\"BreadcrumbList\",\"@id\":\"https:\/\/sh-bilder.de\/?page_id=1082#breadcrumb\",\"itemListElement\":[{\"@type\":\"ListItem\",\"position\":1,\"name\":\"Startseite\",\"item\":\"https:\/\/sh-bilder.de\/\"},{\"@type\":\"ListItem\",\"position\":2,\"name\":\"VITA\"}]},{\"@type\":\"WebSite\",\"@id\":\"https:\/\/sh-bilder.de\/#website\",\"url\":\"https:\/\/sh-bilder.de\/\",\"name\":\"SIGRID ARNOLD-HEINLEIN\",\"description\":\"\",\"publisher\":{\"@id\":\"https:\/\/sh-bilder.de\/#organization\"},\"potentialAction\":[{\"@type\":\"SearchAction\",\"target\":{\"@type\":\"EntryPoint\",\"urlTemplate\":\"https:\/\/sh-bilder.de\/?s={search_term_string}\"},\"query-input\":\"required name=search_term_string\"}],\"inLanguage\":\"de\"},{\"@type\":\"Organization\",\"@id\":\"https:\/\/sh-bilder.de\/#organization\",\"name\":\"SIGRID ARNOLD-HEINLEIN\",\"url\":\"https:\/\/sh-bilder.de\/\",\"logo\":{\"@type\":\"ImageObject\",\"inLanguage\":\"de\",\"@id\":\"https:\/\/sh-bilder.de\/#\/schema\/logo\/image\/\",\"url\":\"https:\/\/sh-bilder.de\/wp-content\/uploads\/2024\/01\/BlauGruenT.png\",\"contentUrl\":\"https:\/\/sh-bilder.de\/wp-content\/uploads\/2024\/01\/BlauGruenT.png\",\"width\":1398,\"height\":219,\"caption\":\"SIGRID ARNOLD-HEINLEIN\"},\"image\":{\"@id\":\"https:\/\/sh-bilder.de\/#\/schema\/logo\/image\/\"}}]}<\/script>\n<!-- \/ Yoast SEO plugin. -->","yoast_head_json":{"title":"VITA - SIGRID ARNOLD-HEINLEIN","robots":{"index":"index","follow":"follow","max-snippet":"max-snippet:-1","max-image-preview":"max-image-preview:large","max-video-preview":"max-video-preview:-1"},"canonical":"https:\/\/sh-bilder.de\/?page_id=1082","og_locale":"de_DE","og_type":"article","og_title":"VITA - SIGRID ARNOLD-HEINLEIN","og_description":"Hallo, Ich hei\u00dfe SIGRID ARNOLD-HEINLEIN. Ich bin am 16.04.1954 in Badk\u00f6nigshofen geboren, habe zwei Kinder und lebe in im Landkreis Bamberg. Der Kunst habe ich mich, durch mein Studium Sport und Werken, erstmals von der handwerklichen Seite gen\u00e4hert-Intarsienarbeiten, T\u00f6pfern, Seidenmalerei usw.&nbsp; So sind seit 1990 Karikaturen, Frescen, Materialbilder und Bilder in Spachteltechnik entstanden. Von all [&hellip;]","og_url":"https:\/\/sh-bilder.de\/?page_id=1082","og_site_name":"SIGRID ARNOLD-HEINLEIN","article_modified_time":"2024-01-28T16:22:13+00:00","twitter_card":"summary_large_image","twitter_misc":{"Gesch\u00e4tzte Lesezeit":"1\u00a0Minute"},"schema":{"@context":"https:\/\/schema.org","@graph":[{"@type":"WebPage","@id":"https:\/\/sh-bilder.de\/?page_id=1082","url":"https:\/\/sh-bilder.de\/?page_id=1082","name":"VITA - SIGRID ARNOLD-HEINLEIN","isPartOf":{"@id":"https:\/\/sh-bilder.de\/#website"},"datePublished":"2024-01-27T10:07:42+00:00","dateModified":"2024-01-28T16:22:13+00:00","breadcrumb":{"@id":"https:\/\/sh-bilder.de\/?page_id=1082#breadcrumb"},"inLanguage":"de","potentialAction":[{"@type":"ReadAction","target":["https:\/\/sh-bilder.de\/?page_id=1082"]}]},{"@type":"BreadcrumbList","@id":"https:\/\/sh-bilder.de\/?page_id=1082#breadcrumb","itemListElement":[{"@type":"ListItem","position":1,"name":"Startseite","item":"https:\/\/sh-bilder.de\/"},{"@type":"ListItem","position":2,"name":"VITA"}]},{"@type":"WebSite","@id":"https:\/\/sh-bilder.de\/#website","url":"https:\/\/sh-bilder.de\/","name":"SIGRID ARNOLD-HEINLEIN","description":"","publisher":{"@id":"https:\/\/sh-bilder.de\/#organization"},"potentialAction":[{"@type":"SearchAction","target":{"@type":"EntryPoint","urlTemplate":"https:\/\/sh-bilder.de\/?s={search_term_string}"},"query-input":"required name=search_term_string"}],"inLanguage":"de"},{"@type":"Organization","@id":"https:\/\/sh-bilder.de\/#organization","name":"SIGRID ARNOLD-HEINLEIN","url":"https:\/\/sh-bilder.de\/","logo":{"@type":"ImageObject","inLanguage":"de","@id":"https:\/\/sh-bilder.de\/#\/schema\/logo\/image\/","url":"https:\/\/sh-bilder.de\/wp-content\/uploads\/2024\/01\/BlauGruenT.png","contentUrl":"https:\/\/sh-bilder.de\/wp-content\/uploads\/2024\/01\/BlauGruenT.png","width":1398,"height":219,"caption":"SIGRID ARNOLD-HEINLEIN"},"image":{"@id":"https:\/\/sh-bilder.de\/#\/schema\/logo\/image\/"}}]}},"_links":{"self":[{"href":"https:\/\/sh-bilder.de\/index.php?rest_route=\/wp\/v2\/pages\/1082","targetHints":{"allow":["GET"]}}],"collection":[{"href":"https:\/\/sh-bilder.de\/index.php?rest_route=\/wp\/v2\/pages"}],"about":[{"href":"https:\/\/sh-bilder.de\/index.php?rest_route=\/wp\/v2\/types\/page"}],"author":[{"embeddable":true,"href":"https:\/\/sh-bilder.de\/index.php?rest_route=\/wp\/v2\/users\/1"}],"replies":[{"embeddable":true,"href":"https:\/\/sh-bilder.de\/index.php?rest_route=%2Fwp%2Fv2%2Fcomments&post=1082"}],"version-history":[{"count":4,"href":"https:\/\/sh-bilder.de\/index.php?rest_route=\/wp\/v2\/pages\/1082\/revisions"}],"predecessor-version":[{"id":1315,"href":"https:\/\/sh-bilder.de\/index.php?rest_route=\/wp\/v2\/pages\/1082\/revisions\/1315"}],"wp:attachment":[{"href":"https:\/\/sh-bilder.de\/index.php?rest_route=%2Fwp%2Fv2%2Fmedia&parent=1082"}],"curies":[{"name":"wp","href":"https:\/\/api.w.org\/{rel}","templated":true}]}}